{"id":2012,"date":"2021-12-27T21:24:01","date_gmt":"2021-12-27T20:24:01","guid":{"rendered":"https:\/\/mamapowielokroc.pl\/?page_id=2012"},"modified":"2022-01-24T06:34:15","modified_gmt":"2022-01-24T05:34:15","slug":"ilustracje-mama-po-wielokroc-2021","status":"publish","type":"page","link":"https:\/\/mamapowielokroc.pl\/index.php\/ilustracje-mama-po-wielokroc-2021\/","title":{"rendered":"Ilustracje &#8211; Mama Po Wielokro\u0107 2021"},"content":{"rendered":"\n<div class=\"wp-block-ugb-header ugb-header ugb-2c0b88b ugb-header ugb-header--v3 ugb-header--design-basic ugb-main-block\"><style>.ugb-2c0b88b .ugb-header__item{border-radius:5px !important;background-color:#000000 !important;background-image:url(https:\/\/mamapowielokroc.pl\/media\/karolinapiotrowska08.jpg)}.ugb-2c0b88b .ugb-header__item:before{background-color:#000000 !important;opacity:0.5}.ugb-2c0b88b .ugb-header__title{color:#ffffff}.ugb-2c0b88b .ugb-header__subtitle{color:#ffffff}.ugb-2c0b88b.ugb-header{opacity:1 !important}@media screen and (min-width:768px){.ugb-2c0b88b.ugb-header{margin-bottom:21px !important}}<\/style><div class=\"ugb-inner-block\"><div class=\"ugb-block-content\"><div class=\"ugb-header__item ugb--shadow-2 ugb--has-background-overlay\"><div class=\"ugb-content-wrapper\"><h2 class=\"ugb-header__title\">Ilustracje Mama Po Wielokro\u0107 2021<\/h2><p class=\"ugb-header__subtitle\">Cykl Ilustracji poruszaj\u0105cy temat relacji w rodzinie i ma\u0142\u017ce\u0144stwie<\/p><\/div><\/div><\/div><\/div><\/div><\/div>\n\n\n\n<p class=\"has-text-align-center has-large-font-size\">Relacje w rodzinie <\/p>\n\n\n\n<div class=\"container\">\n    <div class=\"column\"><img decoding=\"async\" src=\"https:\/\/mamapowielokroc.pl\/media\/karolinapiotrowska01.jpg\" alt=\"Relacje w rodzinie\" loading=\"lazy\" title=\"Relacje w rodzinie\" width=\"480\" height=\"480\"><\/div>\n    <div class=\"column\"><img decoding=\"async\" src=\"https:\/\/mamapowielokroc.pl\/media\/karolinapiotrowska02.jpg\" alt=\"Relacje w rodzinie\" loading=\"lazy\" title=\"Relacje w rodzinie\" width=\"480\" height=\"480\"><\/div>\n    <div class=\"column\"><img decoding=\"async\" src=\"https:\/\/mamapowielokroc.pl\/media\/karolinapiotrowska03.jpg\" alt=\"Relacje w rodzinie\" loading=\"lazy\" title=\"Relacje w rodzinie\" width=\"480\" height=\"480\"><\/div>\n    <div class=\"column\"><img decoding=\"async\" src=\"https:\/\/mamapowielokroc.pl\/media\/karolinapiotrowska04.jpg\" alt=\"Relacje w rodzinie\" loading=\"lazy\" title=\"Relacje w rodzinie\" width=\"480\" height=\"480\"><\/div>\n    <div class=\"column\"><img decoding=\"async\" src=\"https:\/\/mamapowielokroc.pl\/media\/karolinapiotrowska05.jpg\" alt=\"Relacje w rodzinie\" loading=\"lazy\" title=\"Relacje w rodzinie\" width=\"480\" height=\"480\"><\/div>\n    <div class=\"column\"><img decoding=\"async\" src=\"https:\/\/mamapowielokroc.pl\/media\/karolinapiotrowska06.jpg\" alt=\"Relacje w rodzinie\" loading=\"lazy\" title=\"Relacje w rodzinie\" width=\"480\" height=\"480\"><\/div>\n    <div class=\"column\"><img decoding=\"async\" src=\"https:\/\/mamapowielokroc.pl\/media\/karolinapiotrowska07.jpg\" alt=\"Relacje w rodzinie\" loading=\"lazy\" title=\"Relacje w rodzinie\" width=\"480\" height=\"480\"><\/div>\n    <div class=\"column\"><img decoding=\"async\" src=\"https:\/\/mamapowielokroc.pl\/media\/karolinapiotrowska08.jpg\" alt=\"Relacje w rodzinie\" loading=\"lazy\" title=\"Relacje w rodzinie\" width=\"480\" height=\"480\"><\/div>\n<div class=\"column\"><img decoding=\"async\" src=\"https:\/\/mamapowielokroc.pl\/media\/karolinapiotrowska09.jpg\" alt=\"Relacje w rodzinie\" loading=\"lazy\" title=\"Relacje w rodzinie\" width=\"480\" height=\"480\"><\/div>\n\n<\/div>\n\n\n\n<hr class=\"wp-block-separator\"\/>\n\n\n\n<p class=\"has-text-align-center has-large-font-size\">Wzorem \u015awi\u0119tej Rodziny<\/p>\n\n\n\n<p class=\"has-text-align-center\">\u015awi\u0119ta Rodzina jest dla nas wzorem. <br>Wzorem mi\u0142o\u015bci, przebaczenia, \u015bwi\u0119to\u015bci, a wi\u0119c r\u00f3wnie\u017c wzorem, jak nale\u017cy budowa\u0107 relacje. <br>B\u00f3g, kt\u00f3ry sta\u0142 si\u0119 cz\u0142owiekiem, wzrasta\u0142 w rodzinie. <br>Rodzina jest miejscem, gdzie rodzi si\u0119 mi\u0142o\u015b\u0107. <\/p>\n\n\n\n<figure class=\"wp-block-gallery columns-6 is-cropped wp-block-gallery-1 is-layout-flex wp-block-gallery-is-layout-flex\"><ul class=\"blocks-gallery-grid\"><li class=\"blocks-gallery-item\"><figure><img loading=\"lazy\" decoding=\"async\" width=\"1024\" height=\"1024\" src=\"https:\/\/mamapowielokroc.pl\/media\/marcinpoludniak01-1024x1024.jpg\" alt=\"\" data-id=\"2037\" data-full-url=\"https:\/\/mamapowielokroc.pl\/media\/marcinpoludniak01.jpg\" data-link=\"https:\/\/mamapowielokroc.pl\/marcinpoludniak01\/\" class=\"wp-image-2037\"\/><\/figure><\/li><li class=\"blocks-gallery-item\"><figure><img loading=\"lazy\" decoding=\"async\" width=\"1024\" height=\"1024\" src=\"https:\/\/mamapowielokroc.pl\/media\/marcinpoludniak02-1024x1024.jpg\" alt=\"\" data-id=\"2038\" data-full-url=\"https:\/\/mamapowielokroc.pl\/media\/marcinpoludniak02.jpg\" data-link=\"https:\/\/mamapowielokroc.pl\/marcinpoludniak02\/\" class=\"wp-image-2038\"\/><\/figure><\/li><li class=\"blocks-gallery-item\"><figure><img loading=\"lazy\" decoding=\"async\" width=\"1024\" height=\"1024\" src=\"https:\/\/mamapowielokroc.pl\/media\/marcinpoludniak03-1024x1024.jpg\" alt=\"\" data-id=\"2039\" data-full-url=\"https:\/\/mamapowielokroc.pl\/media\/marcinpoludniak03.jpg\" data-link=\"https:\/\/mamapowielokroc.pl\/marcinpoludniak03\/\" class=\"wp-image-2039\"\/><\/figure><\/li><li class=\"blocks-gallery-item\"><figure><img loading=\"lazy\" decoding=\"async\" width=\"1024\" height=\"1024\" src=\"https:\/\/mamapowielokroc.pl\/media\/marcinpoludniak04-1024x1024.jpg\" alt=\"\" data-id=\"2040\" data-full-url=\"https:\/\/mamapowielokroc.pl\/media\/marcinpoludniak04.jpg\" data-link=\"https:\/\/mamapowielokroc.pl\/marcinpoludniak04\/\" class=\"wp-image-2040\"\/><\/figure><\/li><li class=\"blocks-gallery-item\"><figure><img loading=\"lazy\" decoding=\"async\" width=\"1024\" height=\"1024\" src=\"https:\/\/mamapowielokroc.pl\/media\/marcinpoludniak05-1024x1024.jpg\" alt=\"\" data-id=\"2041\" data-full-url=\"https:\/\/mamapowielokroc.pl\/media\/marcinpoludniak05.jpg\" data-link=\"https:\/\/mamapowielokroc.pl\/marcinpoludniak05\/\" class=\"wp-image-2041\"\/><\/figure><\/li><li class=\"blocks-gallery-item\"><figure><img loading=\"lazy\" decoding=\"async\" width=\"1024\" height=\"1024\" src=\"https:\/\/mamapowielokroc.pl\/media\/marcinpoludniak06-1024x1024.jpg\" alt=\"\" data-id=\"2042\" data-full-url=\"https:\/\/mamapowielokroc.pl\/media\/marcinpoludniak06.jpg\" data-link=\"https:\/\/mamapowielokroc.pl\/marcinpoludniak06\/\" class=\"wp-image-2042\"\/><\/figure><\/li><li class=\"blocks-gallery-item\"><figure><img loading=\"lazy\" decoding=\"async\" width=\"1024\" height=\"1024\" src=\"https:\/\/mamapowielokroc.pl\/media\/marcinpoludniak07-1024x1024.jpg\" alt=\"\" data-id=\"2043\" data-full-url=\"https:\/\/mamapowielokroc.pl\/media\/marcinpoludniak07.jpg\" data-link=\"https:\/\/mamapowielokroc.pl\/marcinpoludniak07\/\" class=\"wp-image-2043\"\/><\/figure><\/li><li class=\"blocks-gallery-item\"><figure><img loading=\"lazy\" decoding=\"async\" width=\"1024\" height=\"1024\" src=\"https:\/\/mamapowielokroc.pl\/media\/marcinpoludniak08-1024x1024.jpg\" alt=\"\" data-id=\"2044\" data-full-url=\"https:\/\/mamapowielokroc.pl\/media\/marcinpoludniak08.jpg\" data-link=\"https:\/\/mamapowielokroc.pl\/marcinpoludniak08\/\" class=\"wp-image-2044\"\/><\/figure><\/li><li class=\"blocks-gallery-item\"><figure><img loading=\"lazy\" decoding=\"async\" width=\"1024\" height=\"1024\" src=\"https:\/\/mamapowielokroc.pl\/media\/marcinpoludniak09-1024x1024.jpg\" alt=\"\" data-id=\"2045\" data-full-url=\"https:\/\/mamapowielokroc.pl\/media\/marcinpoludniak09.jpg\" data-link=\"https:\/\/mamapowielokroc.pl\/marcinpoludniak09\/\" class=\"wp-image-2045\"\/><\/figure><\/li><li class=\"blocks-gallery-item\"><figure><img loading=\"lazy\" decoding=\"async\" width=\"1024\" height=\"1024\" src=\"https:\/\/mamapowielokroc.pl\/media\/marcinpoludniak10-1024x1024.jpg\" alt=\"\" data-id=\"2046\" data-full-url=\"https:\/\/mamapowielokroc.pl\/media\/marcinpoludniak10.jpg\" data-link=\"https:\/\/mamapowielokroc.pl\/marcinpoludniak10\/\" class=\"wp-image-2046\"\/><\/figure><\/li><\/ul><\/figure>\n\n\n\n<p class=\"has-text-align-center has-large-font-size\">Warto\u015bciowe cytaty o budowaniu relacji<\/p>\n\n\n\n<figure class=\"wp-block-gallery columns-4 is-cropped wp-block-gallery-2 is-layout-flex wp-block-gallery-is-layout-flex\"><ul class=\"blocks-gallery-grid\"><li class=\"blocks-gallery-item\"><figure><img loading=\"lazy\" decoding=\"async\" width=\"1024\" height=\"1024\" src=\"https:\/\/mamapowielokroc.pl\/media\/ilustracja1-1-1024x1024.jpg\" alt=\"\" data-id=\"2120\" data-full-url=\"https:\/\/mamapowielokroc.pl\/media\/ilustracja1-1.jpg\" data-link=\"https:\/\/mamapowielokroc.pl\/index.php\/ilustracje-mama-po-wielokroc-2021\/ilustracja1-1\/\" class=\"wp-image-2120\"\/><\/figure><\/li><li class=\"blocks-gallery-item\"><figure><img loading=\"lazy\" decoding=\"async\" width=\"1024\" height=\"1024\" src=\"https:\/\/mamapowielokroc.pl\/media\/ilustracja2-1-1024x1024.jpg\" alt=\"\" data-id=\"2121\" data-full-url=\"https:\/\/mamapowielokroc.pl\/media\/ilustracja2-1.jpg\" data-link=\"https:\/\/mamapowielokroc.pl\/index.php\/ilustracje-mama-po-wielokroc-2021\/ilustracja2-1\/\" class=\"wp-image-2121\"\/><\/figure><\/li><li class=\"blocks-gallery-item\"><figure><img loading=\"lazy\" decoding=\"async\" width=\"1024\" height=\"1024\" src=\"https:\/\/mamapowielokroc.pl\/media\/ilustracja3-1-1024x1024.jpg\" alt=\"\" data-id=\"2122\" data-full-url=\"https:\/\/mamapowielokroc.pl\/media\/ilustracja3-1.jpg\" data-link=\"https:\/\/mamapowielokroc.pl\/index.php\/ilustracje-mama-po-wielokroc-2021\/ilustracja3-1\/\" class=\"wp-image-2122\"\/><\/figure><\/li><li class=\"blocks-gallery-item\"><figure><img loading=\"lazy\" decoding=\"async\" width=\"1024\" height=\"536\" src=\"https:\/\/mamapowielokroc.pl\/media\/ilustracja4-1-1024x536.jpg\" alt=\"\" data-id=\"2123\" data-full-url=\"https:\/\/mamapowielokroc.pl\/media\/ilustracja4-1.jpg\" data-link=\"https:\/\/mamapowielokroc.pl\/index.php\/ilustracje-mama-po-wielokroc-2021\/ilustracja4-1\/\" class=\"wp-image-2123\"\/><\/figure><\/li><\/ul><\/figure>\n\n\n\n<p>Pi<\/p>\n","protected":false},"excerpt":{"rendered":"<p>Ilustracje Mama Po Wielokro\u0107 2021 Cykl Ilustracji poruszaj\u0105cy temat relacji w rodzinie i ma\u0142\u017ce\u0144stwie Relacje w rodzinie Wzorem \u015awi\u0119tej Rodziny \u015awi\u0119ta Rodzina jest dla nas wzorem. Wzorem mi\u0142o\u015bci, przebaczenia, \u015bwi\u0119to\u015bci, a wi\u0119c r\u00f3wnie\u017c wzorem, jak nale\u017cy budowa\u0107 relacje. B\u00f3g, kt\u00f3ry sta\u0142 si\u0119 cz\u0142owiekiem, wzrasta\u0142 w rodzinie. Rodzina jest miejscem, gdzie rodzi si\u0119 mi\u0142o\u015b\u0107. Warto\u015bciowe cytaty &hellip;<\/p>\n<p class=\"read-more\"> <a class=\"\" href=\"https:\/\/mamapowielokroc.pl\/index.php\/ilustracje-mama-po-wielokroc-2021\/\"> <span class=\"screen-reader-text\">Ilustracje &#8211; Mama Po Wielokro\u0107 2021<\/span> Read More &raquo;<\/a><\/p>\n","protected":false},"author":2,"featured_media":0,"parent":0,"menu_order":0,"comment_status":"closed","ping_status":"closed","template":"","meta":{"footnotes":""},"class_list":["post-2012","page","type-page","status-publish","hentry"],"featured_image_urls":{"full":"","thumbnail":"","medium":"","medium_large":"","large":"","1536x1536":"","2048x2048":""},"post_excerpt_stackable":"<p>Ilustracje Mama Po Wielokro\u0107 2021Cykl Ilustracji poruszaj\u0105cy temat relacji w rodzinie i ma\u0142\u017ce\u0144stwie Relacje w rodzinie Wzorem \u015awi\u0119tej Rodziny \u015awi\u0119ta Rodzina jest dla nas wzorem. Wzorem mi\u0142o\u015bci, przebaczenia, \u015bwi\u0119to\u015bci, a wi\u0119c r\u00f3wnie\u017c wzorem, jak nale\u017cy budowa\u0107 relacje. B\u00f3g, kt\u00f3ry sta\u0142 si\u0119 cz\u0142owiekiem, wzrasta\u0142 w rodzinie. Rodzina jest miejscem, gdzie rodzi si\u0119 mi\u0142o\u015b\u0107. Warto\u015bciowe cytaty o budowaniu relacji Pi<\/p>\n","category_list":"","author_info":{"name":"Ramonex","url":"https:\/\/mamapowielokroc.pl\/index.php\/author\/ramonex\/"},"comments_num":"0 comments","featured_image_urls_v2":{"full":"","thumbnail":"","medium":"","medium_large":"","large":"","1536x1536":"","2048x2048":""},"post_excerpt_stackable_v2":"<p>Ilustracje Mama Po Wielokro\u0107 2021Cykl Ilustracji poruszaj\u0105cy temat relacji w rodzinie i ma\u0142\u017ce\u0144stwie Relacje w rodzinie Wzorem \u015awi\u0119tej Rodziny \u015awi\u0119ta Rodzina jest dla nas wzorem. Wzorem mi\u0142o\u015bci, przebaczenia, \u015bwi\u0119to\u015bci, a wi\u0119c r\u00f3wnie\u017c wzorem, jak nale\u017cy budowa\u0107 relacje. B\u00f3g, kt\u00f3ry sta\u0142 si\u0119 cz\u0142owiekiem, wzrasta\u0142 w rodzinie. Rodzina jest miejscem, gdzie rodzi si\u0119 mi\u0142o\u015b\u0107. Warto\u015bciowe cytaty o budowaniu relacji Pi<\/p>\n","category_list_v2":"","author_info_v2":{"name":"Ramonex","url":"https:\/\/mamapowielokroc.pl\/index.php\/author\/ramonex\/"},"comments_num_v2":"0 comments","_links":{"self":[{"href":"https:\/\/mamapowielokroc.pl\/index.php\/wp-json\/wp\/v2\/pages\/2012","targetHints":{"allow":["GET"]}}],"collection":[{"href":"https:\/\/mamapowielokroc.pl\/index.php\/wp-json\/wp\/v2\/pages"}],"about":[{"href":"https:\/\/mamapowielokroc.pl\/index.php\/wp-json\/wp\/v2\/types\/page"}],"author":[{"embeddable":true,"href":"https:\/\/mamapowielokroc.pl\/index.php\/wp-json\/wp\/v2\/users\/2"}],"replies":[{"embeddable":true,"href":"https:\/\/mamapowielokroc.pl\/index.php\/wp-json\/wp\/v2\/comments?post=2012"}],"version-history":[{"count":10,"href":"https:\/\/mamapowielokroc.pl\/index.php\/wp-json\/wp\/v2\/pages\/2012\/revisions"}],"predecessor-version":[{"id":2134,"href":"https:\/\/mamapowielokroc.pl\/index.php\/wp-json\/wp\/v2\/pages\/2012\/revisions\/2134"}],"wp:attachment":[{"href":"https:\/\/mamapowielokroc.pl\/index.php\/wp-json\/wp\/v2\/media?parent=2012"}],"curies":[{"name":"wp","href":"https:\/\/api.w.org\/{rel}","templated":true}]}}